{"id":2,"date":"2022-02-03T14:05:07","date_gmt":"2022-02-03T13:05:07","guid":{"rendered":"https:\/\/heisterbacherrott.buergerinitiative.net\/?page_id=2"},"modified":"2022-02-03T15:37:35","modified_gmt":"2022-02-03T14:37:35","slug":"beispiel-seite","status":"publish","type":"page","link":"https:\/\/heisterbacherrott.buergerinitiative.net\/","title":{"rendered":"Startseite"},"content":{"rendered":"\n<p>Herzlich Willkommen bei der B\u00fcrgerinitiative Heisterbacherrott.<\/p>\n\n\n\n<p>Aktuell befinden wir uns im Aufbau.<\/p>\n\n\n\n<p><strong>Die Einladung zur Gr\u00fcndungsveranstaltung erhalten Sie in K\u00fcrze.<\/strong><\/p>\n\n\n\n<p><\/p>\n\n\n\n<p><\/p>\n","protected":false},"excerpt":{"rendered":"<p>Herzlich Willkommen bei der B\u00fcrgerinitiative Heisterbacherrott. Aktuell befinden wir uns im Aufbau. Die Einladung zur Gr\u00fcndungsveranstaltung erhalten Sie in K\u00fcrze.<\/p>\n","protected":false},"author":1,"featured_media":0,"parent":0,"menu_order":0,"comment_status":"closed","ping_status":"open","template":"","meta":[],"_links":{"self":[{"href":"https:\/\/heisterbacherrott.buergerinitiative.net\/index.php?rest_route=\/wp\/v2\/pages\/2"}],"collection":[{"href":"https:\/\/heisterbacherrott.buergerinitiative.net\/index.php?rest_route=\/wp\/v2\/pages"}],"about":[{"href":"https:\/\/heisterbacherrott.buergerinitiative.net\/index.php?rest_route=\/wp\/v2\/types\/page"}],"author":[{"embeddable":true,"href":"https:\/\/heisterbacherrott.buergerinitiative.net\/index.php?rest_route=\/wp\/v2\/users\/1"}],"replies":[{"embeddable":true,"href":"https:\/\/heisterbacherrott.buergerinitiative.net\/index.php?rest_route=%2Fwp%2Fv2%2Fcomments&post=2"}],"version-history":[{"count":3,"href":"https:\/\/heisterbacherrott.buergerinitiative.net\/index.php?rest_route=\/wp\/v2\/pages\/2\/revisions"}],"predecessor-version":[{"id":17,"href":"https:\/\/heisterbacherrott.buergerinitiative.net\/index.php?rest_route=\/wp\/v2\/pages\/2\/revisions\/17"}],"wp:attachment":[{"href":"https:\/\/heisterbacherrott.buergerinitiative.net\/index.php?rest_route=%2Fwp%2Fv2%2Fmedia&parent=2"}],"curies":[{"name":"wp","href":"https:\/\/api.w.org\/{rel}","templated":true}]}}