{"id":20,"date":"2022-02-03T15:45:25","date_gmt":"2022-02-03T14:45:25","guid":{"rendered":"https:\/\/heisterbacherrott.buergerinitiative.net\/?page_id=20"},"modified":"2022-02-03T15:59:56","modified_gmt":"2022-02-03T14:59:56","slug":"unsere-gruendungsmitglieder","status":"publish","type":"page","link":"https:\/\/heisterbacherrott.buergerinitiative.net\/?page_id=20","title":{"rendered":"Unsere Gr\u00fcndungsmitglieder"},"content":{"rendered":"\n<div class=\"wp-container-6a091ea450b96 wp-block-group\"><div class=\"wp-block-group__inner-container\"><\/div><\/div>\n\n\n\n<figure class=\"wp-block-table\"><table rules=\"none\" frame=\"void\" frameborder=\"transparent\"><tbody><tr><td><img src=\"https:\/\/heisterbacherrott.buergerinitiative.net\/wp-content\/uploads\/2022\/02\/DSC1134_6_8-775x1024.jpg\" width=\"120px\" alt=\"\" class=\"wp-image-21\" srcset=\"https:\/\/heisterbacherrott.buergerinitiative.net\/wp-content\/uploads\/2022\/02\/DSC1134_6_8-775x1024.jpg 775w, https:\/\/heisterbacherrott.buergerinitiative.net\/wp-content\/uploads\/2022\/02\/DSC1134_6_8-227x300.jpg 227w, https:\/\/heisterbacherrott.buergerinitiative.net\/wp-content\/uploads\/2022\/02\/DSC1134_6_8-768x1015.jpg 768w, https:\/\/heisterbacherrott.buergerinitiative.net\/wp-content\/uploads\/2022\/02\/DSC1134_6_8.jpg 879w\" sizes=\"(max-width: 775px) 100vw, 775px\" \/><\/td><td>Sascha Ullmann<br>Lauterbachstra\u00dfe 9<br>53639 K\u00f6nigswinter<br>OT: Heisterbacherrott<br><br><b>Kontakt:<\/b> <a href=\"mailto:&quot;Sascha.Ullmann@heisterbacherrott.buergerinitiative.net&quot;\">Klicken Sie hier<\/a><\/td><td><\/td><td><img src=\"folgt\" width=\"120px\"><\/td><td>Hier folgt das n\u00e4chste Mitglied.<\/td><\/tr><tr><td><\/td><td><\/td><td><\/td><td><\/td><td><\/td><\/tr><tr><td><\/td><td><\/td><td><\/td><td><\/td><td><\/td><\/tr><tr><td><\/td><td><\/td><td><\/td><td><\/td><td><\/td><\/tr><\/tbody><\/table><\/figure>\n","protected":false},"excerpt":{"rendered":"<p>Sascha UllmannLauterbachstra\u00dfe 953639 K\u00f6nigswinterOT: Heisterbacherrott Kontakt: Klicken Sie hier Hier folgt das n\u00e4chste Mitglied.<\/p>\n","protected":false},"author":1,"featured_media":0,"parent":0,"menu_order":0,"comment_status":"closed","ping_status":"closed","template":"","meta":[],"_links":{"self":[{"href":"https:\/\/heisterbacherrott.buergerinitiative.net\/index.php?rest_route=\/wp\/v2\/pages\/20"}],"collection":[{"href":"https:\/\/heisterbacherrott.buergerinitiative.net\/index.php?rest_route=\/wp\/v2\/pages"}],"about":[{"href":"https:\/\/heisterbacherrott.buergerinitiative.net\/index.php?rest_route=\/wp\/v2\/types\/page"}],"author":[{"embeddable":true,"href":"https:\/\/heisterbacherrott.buergerinitiative.net\/index.php?rest_route=\/wp\/v2\/users\/1"}],"replies":[{"embeddable":true,"href":"https:\/\/heisterbacherrott.buergerinitiative.net\/index.php?rest_route=%2Fwp%2Fv2%2Fcomments&post=20"}],"version-history":[{"count":10,"href":"https:\/\/heisterbacherrott.buergerinitiative.net\/index.php?rest_route=\/wp\/v2\/pages\/20\/revisions"}],"predecessor-version":[{"id":36,"href":"https:\/\/heisterbacherrott.buergerinitiative.net\/index.php?rest_route=\/wp\/v2\/pages\/20\/revisions\/36"}],"wp:attachment":[{"href":"https:\/\/heisterbacherrott.buergerinitiative.net\/index.php?rest_route=%2Fwp%2Fv2%2Fmedia&parent=20"}],"curies":[{"name":"wp","href":"https:\/\/api.w.org\/{rel}","templated":true}]}}